{"id":5473,"date":"2021-04-08T19:04:00","date_gmt":"2021-04-08T19:04:00","guid":{"rendered":"http:\/\/wptf.themepul.com\/restly\/?page_id=13"},"modified":"2026-03-14T20:31:36","modified_gmt":"2026-03-14T20:31:36","slug":"home","status":"publish","type":"page","link":"http:\/\/www.atay-yapi.com\/","title":{"rendered":"Ana Sayfa"},"content":{"rendered":"\t\t<div data-elementor-type=\"wp-page\" data-elementor-id=\"5473\" class=\"elementor elementor-5473\">\n\t\t\t\t\t\t<section class=\"elementor-section elementor-top-section elementor-element elementor-element-c5e7372 elementor-section-full_width elementor-section-stretched elementor-section-height-default elementor-section-height-default\" data-id=\"c5e7372\" data-element_type=\"section\" data-e-type=\"section\" data-settings=\"{&quot;stretch_section&quot;:&quot;section-stretched&quot;}\">\n\t\t\t\t\t\t<div class=\"elementor-container elementor-column-gap-no\">\n\t\t\t\t\t<div class=\"elementor-column elementor-col-100 elementor-top-column elementor-element elementor-element-4f7441a\" data-id=\"4f7441a\" data-element_type=\"column\" data-e-type=\"column\">\n\t\t\t<div class=\"elementor-widget-wrap elementor-element-populated\">\n\t\t\t\t\t\t<div class=\"elementor-element elementor-element-2cb31b4 elementor-widget elementor-widget-restly-home-banner\" data-id=\"2cb31b4\" data-element_type=\"widget\" data-e-type=\"widget\" data-widget_type=\"restly-home-banner.default\">\n\t\t\t\t<div class=\"elementor-widget-container\">\n\t\t\t\t\t\t\t<div class=\"restly-home-banner-wrapper\">\r\n\t\t\t<div class=\"restly-home-banner\" style=\"background-image:url( http:\/\/www.atay-yapi.com\/wp-content\/uploads\/2025\/09\/Atay-Yapi-Ticaret-1-scaled.png )\">\r\n\t\t\t\t<div class=\"container restly-home-banner-container d-flex\">\r\n\t\t\t\t\t<div class=\"col-12 col-sm-12 col-md-10 col-lg-8\">\r\n\t\t\t\t\t\t<div class=\"restly-home-banner-contents\">\r\n\t\t\t\t\t\t\t<h6 class=\"restly-banner-stitle\"><\/h6>\r\n\t\t\t\t\t\t\t<h2 class=\"restly-banner-title\"><\/h2>\r\n\t\t\t\t\t\t\t<div class=\"restly-home-banner-btn\">\r\n\t\t\t\t\t\t\t\t<a href=\"http:\/\/www.atay-yapi.com\/?page_id=1101\" class=\"theme-btns\" target=\"_self\"><\/a>\r\n\t\t\t\t\t\t\t\t\t\t\t\t\t\t\t<\/div>\r\n\t\t\t\t\t\t<\/div>\r\n\t\t\t\t\t<\/div>\r\n\t\t\t\t<\/div>\r\n\t\t\t<\/div>\r\n\t\t<\/div>\r\n\t\t\t\t\t\t<\/div>\n\t\t\t\t<\/div>\n\t\t\t\t\t<\/div>\n\t\t<\/div>\n\t\t\t\t\t<\/div>\n\t\t<\/section>\n\t\t\t\t<section class=\"elementor-section elementor-top-section elementor-element elementor-element-8ea0b46 elementor-section-boxed elementor-section-height-default elementor-section-height-default\" data-id=\"8ea0b46\" data-element_type=\"section\" data-e-type=\"section\" data-settings=\"{&quot;background_background&quot;:&quot;classic&quot;}\">\n\t\t\t\t\t\t<div class=\"elementor-container elementor-column-gap-default\">\n\t\t\t\t\t<div class=\"elementor-column elementor-col-100 elementor-top-column elementor-element elementor-element-8d4f3e7\" data-id=\"8d4f3e7\" data-element_type=\"column\" data-e-type=\"column\" data-settings=\"{&quot;background_background&quot;:&quot;classic&quot;}\">\n\t\t\t<div class=\"elementor-widget-wrap elementor-element-populated\">\n\t\t\t\t\t\t<div class=\"elementor-element elementor-element-fca0c7b elementor-widget elementor-widget-restly_title\" data-id=\"fca0c7b\" data-element_type=\"widget\" data-e-type=\"widget\" data-widget_type=\"restly_title.default\">\n\t\t\t\t<div class=\"elementor-widget-container\">\n\t\t\t\t\t        <div class=\"restly-section-title-wrapper\">\r\n            <div class=\"restly-section-title\">\r\n                                \r\n                <h2 class=\"restly-section-title\">Etkileyici Tasar\u0131mlar<\/h2> \r\n            <\/div>\r\n        <\/div>\r\n        \t\t\t\t<\/div>\n\t\t\t\t<\/div>\n\t\t\t\t\t<\/div>\n\t\t<\/div>\n\t\t\t\t\t<\/div>\n\t\t<\/section>\n\t\t\t\t<section class=\"elementor-section elementor-top-section elementor-element elementor-element-f696e74 elementor-section-full_width elementor-section-height-default elementor-section-height-default\" data-id=\"f696e74\" data-element_type=\"section\" data-e-type=\"section\">\n\t\t\t\t\t\t<div class=\"elementor-container elementor-column-gap-default\">\n\t\t\t\t\t<div class=\"elementor-column elementor-col-50 elementor-top-column elementor-element elementor-element-eee94b5\" data-id=\"eee94b5\" data-element_type=\"column\" data-e-type=\"column\">\n\t\t\t<div class=\"elementor-widget-wrap elementor-element-populated\">\n\t\t\t\t\t\t<div class=\"elementor-element elementor-element-03bd010 elementor-widget elementor-widget-restly_title\" data-id=\"03bd010\" data-element_type=\"widget\" data-e-type=\"widget\" data-widget_type=\"restly_title.default\">\n\t\t\t\t<div class=\"elementor-widget-container\">\n\t\t\t\t\t        <div class=\"restly-section-title-wrapper\">\r\n            <div class=\"restly-section-title\">\r\n                                \r\n                <h2 class=\"restly-section-title\">Zevkinize Uygun Tasarlanm\u0131\u015f Mobilya \u00c7\u00f6z\u00fcmleri<\/h2> \r\n            <\/div>\r\n        <\/div>\r\n        \t\t\t\t<\/div>\n\t\t\t\t<\/div>\n\t\t\t\t\t<\/div>\n\t\t<\/div>\n\t\t\t\t<div class=\"elementor-column elementor-col-50 elementor-top-column elementor-element elementor-element-911a1dc\" data-id=\"911a1dc\" data-element_type=\"column\" data-e-type=\"column\">\n\t\t\t<div class=\"elementor-widget-wrap elementor-element-populated\">\n\t\t\t\t\t\t<div class=\"elementor-element elementor-element-2e27459 gallery-spacing-custom elementor-widget elementor-widget-image-gallery\" data-id=\"2e27459\" data-element_type=\"widget\" data-e-type=\"widget\" data-widget_type=\"image-gallery.default\">\n\t\t\t\t\t\t\t<div class=\"elementor-image-gallery\">\n\t\t\t<div id='gallery-1' class='gallery galleryid-5473 gallery-columns-3 gallery-size-full'><figure class='gallery-item'>\n\t\t\t<div class='gallery-icon landscape'>\n\t\t\t\t<a data-elementor-open-lightbox=\"yes\" data-elementor-lightbox-slideshow=\"2e27459\" data-elementor-lightbox-title=\"3\" data-e-action-hash=\"#elementor-action%3Aaction%3Dlightbox%26settings%3DeyJpZCI6MTAxMDEsInVybCI6Imh0dHA6XC9cL3d3dy5hdGF5LXlhcGkuY29tXC93cC1jb250ZW50XC91cGxvYWRzXC8yMDI2XC8wMVwvMy5qcGVnIiwic2xpZGVzaG93IjoiMmUyNzQ1OSJ9\" href='http:\/\/www.atay-yapi.com\/wp-content\/uploads\/2026\/01\/3.jpeg'><img fetchpriority=\"high\" decoding=\"async\" width=\"720\" height=\"720\" src=\"http:\/\/www.atay-yapi.com\/wp-content\/uploads\/2026\/01\/3.jpeg\" class=\"attachment-full size-full\" alt=\"\" srcset=\"http:\/\/www.atay-yapi.com\/wp-content\/uploads\/2026\/01\/3.jpeg 720w, http:\/\/www.atay-yapi.com\/wp-content\/uploads\/2026\/01\/3-300x300.jpeg 300w, http:\/\/www.atay-yapi.com\/wp-content\/uploads\/2026\/01\/3-150x150.jpeg 150w\" sizes=\"(max-width: 720px) 100vw, 720px\" \/><\/a>\n\t\t\t<\/div><\/figure><figure class='gallery-item'>\n\t\t\t<div class='gallery-icon landscape'>\n\t\t\t\t<a data-elementor-open-lightbox=\"yes\" data-elementor-lightbox-slideshow=\"2e27459\" data-elementor-lightbox-title=\"6\" data-e-action-hash=\"#elementor-action%3Aaction%3Dlightbox%26settings%3DeyJpZCI6MTAxMDMsInVybCI6Imh0dHA6XC9cL3d3dy5hdGF5LXlhcGkuY29tXC93cC1jb250ZW50XC91cGxvYWRzXC8yMDI2XC8wMVwvNi5qcGVnIiwic2xpZGVzaG93IjoiMmUyNzQ1OSJ9\" href='http:\/\/www.atay-yapi.com\/wp-content\/uploads\/2026\/01\/6.jpeg'><img decoding=\"async\" width=\"720\" height=\"720\" src=\"http:\/\/www.atay-yapi.com\/wp-content\/uploads\/2026\/01\/6.jpeg\" class=\"attachment-full size-full\" alt=\"\" srcset=\"http:\/\/www.atay-yapi.com\/wp-content\/uploads\/2026\/01\/6.jpeg 720w, http:\/\/www.atay-yapi.com\/wp-content\/uploads\/2026\/01\/6-300x300.jpeg 300w, http:\/\/www.atay-yapi.com\/wp-content\/uploads\/2026\/01\/6-150x150.jpeg 150w\" sizes=\"(max-width: 720px) 100vw, 720px\" \/><\/a>\n\t\t\t<\/div><\/figure><figure class='gallery-item'>\n\t\t\t<div class='gallery-icon landscape'>\n\t\t\t\t<a data-elementor-open-lightbox=\"yes\" data-elementor-lightbox-slideshow=\"2e27459\" data-elementor-lightbox-title=\"16\" data-e-action-hash=\"#elementor-action%3Aaction%3Dlightbox%26settings%3DeyJpZCI6MTAxMDUsInVybCI6Imh0dHA6XC9cL3d3dy5hdGF5LXlhcGkuY29tXC93cC1jb250ZW50XC91cGxvYWRzXC8yMDI2XC8wMVwvMTYuanBlZyIsInNsaWRlc2hvdyI6IjJlMjc0NTkifQ%3D%3D\" href='http:\/\/www.atay-yapi.com\/wp-content\/uploads\/2026\/01\/16.jpeg'><img decoding=\"async\" width=\"1440\" height=\"1439\" src=\"http:\/\/www.atay-yapi.com\/wp-content\/uploads\/2026\/01\/16.jpeg\" class=\"attachment-full size-full\" alt=\"\" srcset=\"http:\/\/www.atay-yapi.com\/wp-content\/uploads\/2026\/01\/16.jpeg 1440w, http:\/\/www.atay-yapi.com\/wp-content\/uploads\/2026\/01\/16-300x300.jpeg 300w, http:\/\/www.atay-yapi.com\/wp-content\/uploads\/2026\/01\/16-1024x1024.jpeg 1024w, http:\/\/www.atay-yapi.com\/wp-content\/uploads\/2026\/01\/16-150x150.jpeg 150w, http:\/\/www.atay-yapi.com\/wp-content\/uploads\/2026\/01\/16-768x767.jpeg 768w\" sizes=\"(max-width: 1440px) 100vw, 1440px\" \/><\/a>\n\t\t\t<\/div><\/figure><figure class='gallery-item'>\n\t\t\t<div class='gallery-icon landscape'>\n\t\t\t\t<a data-elementor-open-lightbox=\"yes\" data-elementor-lightbox-slideshow=\"2e27459\" data-elementor-lightbox-title=\"24\" data-e-action-hash=\"#elementor-action%3Aaction%3Dlightbox%26settings%3DeyJpZCI6MTAxMDYsInVybCI6Imh0dHA6XC9cL3d3dy5hdGF5LXlhcGkuY29tXC93cC1jb250ZW50XC91cGxvYWRzXC8yMDI2XC8wMVwvMjQuanBlZyIsInNsaWRlc2hvdyI6IjJlMjc0NTkifQ%3D%3D\" href='http:\/\/www.atay-yapi.com\/wp-content\/uploads\/2026\/01\/24.jpeg'><img loading=\"lazy\" decoding=\"async\" width=\"711\" height=\"704\" src=\"http:\/\/www.atay-yapi.com\/wp-content\/uploads\/2026\/01\/24.jpeg\" class=\"attachment-full size-full\" alt=\"\" srcset=\"http:\/\/www.atay-yapi.com\/wp-content\/uploads\/2026\/01\/24.jpeg 711w, http:\/\/www.atay-yapi.com\/wp-content\/uploads\/2026\/01\/24-300x297.jpeg 300w, http:\/\/www.atay-yapi.com\/wp-content\/uploads\/2026\/01\/24-150x150.jpeg 150w\" sizes=\"(max-width: 711px) 100vw, 711px\" \/><\/a>\n\t\t\t<\/div><\/figure><figure class='gallery-item'>\n\t\t\t<div class='gallery-icon landscape'>\n\t\t\t\t<a data-elementor-open-lightbox=\"yes\" data-elementor-lightbox-slideshow=\"2e27459\" data-elementor-lightbox-title=\"27\" data-e-action-hash=\"#elementor-action%3Aaction%3Dlightbox%26settings%3DeyJpZCI6MTAxMDcsInVybCI6Imh0dHA6XC9cL3d3dy5hdGF5LXlhcGkuY29tXC93cC1jb250ZW50XC91cGxvYWRzXC8yMDI2XC8wMVwvMjcuanBlZyIsInNsaWRlc2hvdyI6IjJlMjc0NTkifQ%3D%3D\" href='http:\/\/www.atay-yapi.com\/wp-content\/uploads\/2026\/01\/27.jpeg'><img loading=\"lazy\" decoding=\"async\" width=\"720\" height=\"720\" src=\"http:\/\/www.atay-yapi.com\/wp-content\/uploads\/2026\/01\/27.jpeg\" class=\"attachment-full size-full\" alt=\"\" srcset=\"http:\/\/www.atay-yapi.com\/wp-content\/uploads\/2026\/01\/27.jpeg 720w, http:\/\/www.atay-yapi.com\/wp-content\/uploads\/2026\/01\/27-300x300.jpeg 300w, http:\/\/www.atay-yapi.com\/wp-content\/uploads\/2026\/01\/27-150x150.jpeg 150w\" sizes=\"(max-width: 720px) 100vw, 720px\" \/><\/a>\n\t\t\t<\/div><\/figure><figure class='gallery-item'>\n\t\t\t<div class='gallery-icon portrait'>\n\t\t\t\t<a data-elementor-open-lightbox=\"yes\" data-elementor-lightbox-slideshow=\"2e27459\" data-elementor-lightbox-title=\"34\" data-e-action-hash=\"#elementor-action%3Aaction%3Dlightbox%26settings%3DeyJpZCI6MTAxMDgsInVybCI6Imh0dHA6XC9cL3d3dy5hdGF5LXlhcGkuY29tXC93cC1jb250ZW50XC91cGxvYWRzXC8yMDI2XC8wMVwvMzQuanBlZyIsInNsaWRlc2hvdyI6IjJlMjc0NTkifQ%3D%3D\" href='http:\/\/www.atay-yapi.com\/wp-content\/uploads\/2026\/01\/34.jpeg'><img loading=\"lazy\" decoding=\"async\" width=\"580\" height=\"584\" src=\"http:\/\/www.atay-yapi.com\/wp-content\/uploads\/2026\/01\/34.jpeg\" class=\"attachment-full size-full\" alt=\"\" srcset=\"http:\/\/www.atay-yapi.com\/wp-content\/uploads\/2026\/01\/34.jpeg 580w, http:\/\/www.atay-yapi.com\/wp-content\/uploads\/2026\/01\/34-298x300.jpeg 298w, http:\/\/www.atay-yapi.com\/wp-content\/uploads\/2026\/01\/34-150x150.jpeg 150w\" sizes=\"(max-width: 580px) 100vw, 580px\" \/><\/a>\n\t\t\t<\/div><\/figure>\n\t\t<\/div>\n\t\t<\/div>\n\t\t\t\t\t\t<\/div>\n\t\t\t\t\t<\/div>\n\t\t<\/div>\n\t\t\t\t\t<\/div>\n\t\t<\/section>\n\t\t\t\t<section class=\"elementor-section elementor-top-section elementor-element elementor-element-8ac9e94 elementor-section-boxed elementor-section-height-default elementor-section-height-default\" data-id=\"8ac9e94\" data-element_type=\"section\" data-e-type=\"section\" data-settings=\"{&quot;background_background&quot;:&quot;classic&quot;}\">\n\t\t\t\t\t\t<div class=\"elementor-container elementor-column-gap-default\">\n\t\t\t\t\t<div class=\"elementor-column elementor-col-100 elementor-top-column elementor-element elementor-element-67fcd9e\" data-id=\"67fcd9e\" data-element_type=\"column\" data-e-type=\"column\">\n\t\t\t<div class=\"elementor-widget-wrap elementor-element-populated\">\n\t\t\t\t\t\t<section class=\"elementor-section elementor-inner-section elementor-element elementor-element-d43a331 elementor-section-boxed elementor-section-height-default elementor-section-height-default\" data-id=\"d43a331\" data-element_type=\"section\" data-e-type=\"section\">\n\t\t\t\t\t\t<div class=\"elementor-container elementor-column-gap-default\">\n\t\t\t\t\t<div class=\"elementor-column elementor-col-100 elementor-inner-column elementor-element elementor-element-1cc3272\" data-id=\"1cc3272\" data-element_type=\"column\" data-e-type=\"column\">\n\t\t\t<div class=\"elementor-widget-wrap elementor-element-populated\">\n\t\t\t\t\t\t<div class=\"elementor-element elementor-element-b260d5e elementor-widget elementor-widget-restly_title\" data-id=\"b260d5e\" data-element_type=\"widget\" data-e-type=\"widget\" data-widget_type=\"restly_title.default\">\n\t\t\t\t<div class=\"elementor-widget-container\">\n\t\t\t\t\t        <div class=\"restly-section-title-wrapper\">\r\n            <div class=\"restly-section-title\">\r\n                                \r\n                <h2 class=\"restly-section-title\">Biz kimiz? Neler Yap\u0131yoruz?<\/h2> \r\n            <\/div>\r\n        <\/div>\r\n        \t\t\t\t<\/div>\n\t\t\t\t<\/div>\n\t\t\t\t\t<\/div>\n\t\t<\/div>\n\t\t\t\t\t<\/div>\n\t\t<\/section>\n\t\t\t\t<section class=\"elementor-section elementor-inner-section elementor-element elementor-element-376e631 elementor-section-boxed elementor-section-height-default elementor-section-height-default\" data-id=\"376e631\" data-element_type=\"section\" data-e-type=\"section\">\n\t\t\t\t\t\t<div class=\"elementor-container elementor-column-gap-default\">\n\t\t\t\t\t<div class=\"elementor-column elementor-col-100 elementor-inner-column elementor-element elementor-element-2a99912\" data-id=\"2a99912\" data-element_type=\"column\" data-e-type=\"column\">\n\t\t\t<div class=\"elementor-widget-wrap elementor-element-populated\">\n\t\t\t\t\t\t<div class=\"elementor-element elementor-element-d845dba elementor-widget elementor-widget-service_box\" data-id=\"d845dba\" data-element_type=\"widget\" data-e-type=\"widget\" data-widget_type=\"service_box.default\">\n\t\t\t\t<div class=\"elementor-widget-container\">\n\t\t\t\t\t        <div class=\"restly-service-box-wrapper\">\n                        <div class=\"restly-service-two-box tran-04\">\n                <div class=\"restly-service-two-contents tran-04 service-two-left\">\n                    <div class=\"restly-service-two-icon tran-04\">\n                                                    <i class=\"<br \/>\n<b>Warning<\/b>:  Trying to access array offset on value of type null in <b>\/home\/u2335528\/public_html\/wp-content\/plugins\/restlycore\/elementor-widgets\/service-box.php<\/b> on line <b>4291<\/b><br \/>\n\"><\/i>\n                                            <\/div>\n                    <div class=\"service-two-content tran-04\">\n                        <h3 class=\"service-two-title tran-04\"><\/h3>\n                        <div class=\"service-two-dec tran-04\">\n                            <p>Ya\u015fam alanlar\u0131n\u0131za \u00f6zel \u00f6l\u00e7\u00fc ve tasar\u0131m mobilya \u00e7\u00f6z\u00fcmleri \u00fcretiyoruz. Kaliteli malzeme, temiz i\u015f\u00e7ilik ve zaman\u0131nda teslimat anlay\u0131\u015f\u0131yla evlerinize de\u011fer kat\u0131yoruz.<\/p>\n                        <\/div>\n                                            <\/div>\n                <\/div>\n            <\/div>\n                        <\/div>\n        \t\t\t\t<\/div>\n\t\t\t\t<\/div>\n\t\t\t\t\t<\/div>\n\t\t<\/div>\n\t\t\t\t\t<\/div>\n\t\t<\/section>\n\t\t\t\t<section class=\"elementor-section elementor-inner-section elementor-element elementor-element-4315d30 elementor-section-boxed elementor-section-height-default elementor-section-height-default\" data-id=\"4315d30\" data-element_type=\"section\" data-e-type=\"section\">\n\t\t\t\t\t\t<div class=\"elementor-container elementor-column-gap-default\">\n\t\t\t\t\t<div class=\"elementor-column elementor-col-100 elementor-inner-column elementor-element elementor-element-34a4560\" data-id=\"34a4560\" data-element_type=\"column\" data-e-type=\"column\">\n\t\t\t<div class=\"elementor-widget-wrap\">\n\t\t\t\t\t\t\t<\/div>\n\t\t<\/div>\n\t\t\t\t\t<\/div>\n\t\t<\/section>\n\t\t\t\t\t<\/div>\n\t\t<\/div>\n\t\t\t\t\t<\/div>\n\t\t<\/section>\n\t\t\t\t<\/div>\n\t\t","protected":false},"excerpt":{"rendered":"<p>Etkileyici Tasar\u0131mlar Zevkinize Uygun Tasarlanm\u0131\u015f Mobilya \u00c7\u00f6z\u00fcmleri Biz kimiz? Neler Yap\u0131yoruz?<\/p>\n","protected":false},"author":1,"featured_media":0,"parent":0,"menu_order":0,"comment_status":"closed","ping_status":"closed","template":"template-home.php","meta":{"footnotes":""},"class_list":["post-5473","page","type-page","status-publish","hentry"],"_links":{"self":[{"href":"http:\/\/www.atay-yapi.com\/index.php?rest_route=\/wp\/v2\/pages\/5473","targetHints":{"allow":["GET"]}}],"collection":[{"href":"http:\/\/www.atay-yapi.com\/index.php?rest_route=\/wp\/v2\/pages"}],"about":[{"href":"http:\/\/www.atay-yapi.com\/index.php?rest_route=\/wp\/v2\/types\/page"}],"author":[{"embeddable":true,"href":"http:\/\/www.atay-yapi.com\/index.php?rest_route=\/wp\/v2\/users\/1"}],"replies":[{"embeddable":true,"href":"http:\/\/www.atay-yapi.com\/index.php?rest_route=%2Fwp%2Fv2%2Fcomments&post=5473"}],"version-history":[{"count":15,"href":"http:\/\/www.atay-yapi.com\/index.php?rest_route=\/wp\/v2\/pages\/5473\/revisions"}],"predecessor-version":[{"id":10114,"href":"http:\/\/www.atay-yapi.com\/index.php?rest_route=\/wp\/v2\/pages\/5473\/revisions\/10114"}],"wp:attachment":[{"href":"http:\/\/www.atay-yapi.com\/index.php?rest_route=%2Fwp%2Fv2%2Fmedia&parent=5473"}],"curies":[{"name":"wp","href":"https:\/\/api.w.org\/{rel}","templated":true}]}}